{"id":29,"date":"2016-02-19T15:05:40","date_gmt":"2016-02-19T15:05:40","guid":{"rendered":"http:\/\/teinerautoteile.de\/?page_id=29"},"modified":"2026-04-07T14:11:56","modified_gmt":"2026-04-07T14:11:56","slug":"home","status":"publish","type":"page","link":"https:\/\/teinerautoteile.de\/","title":{"rendered":"\u00dcber Uns"},"content":{"rendered":"<p>Seit August 1985 in Ahlen f\u00fcr Sie da &#8211; Teiner Autoteile!<\/p>\n<p>In Insiderkreisen ist die Firma T+H, KfZ Ersatzteilhandel bekannt und beliebt!<\/p>\n<p>Von A, wie Auspuff bis Z wie Z\u00fcndkerze. Alle Autoersatzteile aus einer Hand. Mit 2 kostenlosen Hebeb\u00fchnen zum Einbau der bei uns erworbenen Teile. Schauen Sie sich unsere Hebeb\u00fchnen an.<\/p>\n<p>Auch f\u00fcr Youngtimer und Oldtimer sind wir ihr erster Ansprechpartner!<\/p>\n<p style=\"text-align: center;\">Warum?<\/p>\n<p>F\u00fcr viele Youngtimer haben wir damals schon die Ersatzteile verkauft, als die Autos gerade auf den Markt kamen. Wir kennen Ihre Sch\u00e4tze und k\u00f6nnen Ihnen bei Fragestellungen und Ersatsteilsuche fachlich kompetent weiterhelfen.<\/p>\n<p><strong>Unsere Kontaktdaten<\/strong><\/p>\n<p>Telefon: 02382-4720<\/p>\n<p>Fax: 02382-83736<\/p>\n<p>email: info@teinerautoteile.de<\/p>\n<p><strong>Bitte beachten Sie die ge\u00e4nderten \u00d6ffnungszeiten<br \/>\n<\/strong><\/p>\n<p>Montag &#8211; Freitag\u00a0\u00a0 08:15h bis 13:00h und 14:30h bis 18:00 h<\/p>\n<p>Samstag \u00a0 \u00a0 \u00a0 \u00a0 \u00a0 \u00a0\u00a0\u00a0\u00a0 08:15h bis 12:29h<\/p>\n<p><strong>Beachten Sie bitte folgende Hinweise:<br \/>\n<\/strong><\/p>\n<p><strong><span style=\"color: #ff0000;\">Freitag den 24.04.2026 und Samstag den 25.04.2026 haben wir nicht ge\u00f6ffnet.<\/span><\/strong><\/p>\n<p><strong style=\"color: #ff0000; font-size: revert;\">\u00a0<\/strong><\/p>\n","protected":false},"excerpt":{"rendered":"<p>Seit August 1985 in Ahlen f\u00fcr Sie da &#8211; Teiner Autoteile! In Insiderkreisen ist die Firma T+H, KfZ Ersatzteilhandel bekannt und beliebt! Von A, wie Auspuff bis Z wie Z\u00fcndkerze. Alle Autoersatzteile aus einer Hand. Mit 2 kostenlosen Hebeb\u00fchnen zum Einbau der bei uns erworbenen Teile. Schauen Sie sich unsere Hebeb\u00fchnen an. Auch f\u00fcr Youngtimer [&hellip;]<\/p>\n","protected":false},"author":1,"featured_media":0,"parent":0,"menu_order":0,"comment_status":"closed","ping_status":"closed","template":"","meta":[],"_links":{"self":[{"href":"https:\/\/teinerautoteile.de\/index.php?rest_route=\/wp\/v2\/pages\/29"}],"collection":[{"href":"https:\/\/teinerautoteile.de\/index.php?rest_route=\/wp\/v2\/pages"}],"about":[{"href":"https:\/\/teinerautoteile.de\/index.php?rest_route=\/wp\/v2\/types\/page"}],"author":[{"embeddable":true,"href":"https:\/\/teinerautoteile.de\/index.php?rest_route=\/wp\/v2\/users\/1"}],"replies":[{"embeddable":true,"href":"https:\/\/teinerautoteile.de\/index.php?rest_route=%2Fwp%2Fv2%2Fcomments&post=29"}],"version-history":[{"count":120,"href":"https:\/\/teinerautoteile.de\/index.php?rest_route=\/wp\/v2\/pages\/29\/revisions"}],"predecessor-version":[{"id":451,"href":"https:\/\/teinerautoteile.de\/index.php?rest_route=\/wp\/v2\/pages\/29\/revisions\/451"}],"wp:attachment":[{"href":"https:\/\/teinerautoteile.de\/index.php?rest_route=%2Fwp%2Fv2%2Fmedia&parent=29"}],"curies":[{"name":"wp","href":"https:\/\/api.w.org\/{rel}","templated":true}]}}